{"id":7,"date":"2025-02-09T21:24:26","date_gmt":"2025-02-09T21:24:26","guid":{"rendered":"https:\/\/universidadedohomem.com\/blog\/?page_id=7"},"modified":"2025-02-09T21:30:17","modified_gmt":"2025-02-09T21:30:17","slug":"contato","status":"publish","type":"page","link":"https:\/\/universidadedohomem.com\/blog\/contato\/","title":{"rendered":"Contato"},"content":{"rendered":"\n<h3 class=\"wp-block-heading\"><strong>Entre em Contato<\/strong><\/h3>\n\n\n\n<p>Se voc\u00ea deseja falar conosco, esclarecer d\u00favidas ou propor uma parceria, preencha o formul\u00e1rio abaixo ou envie um e-mail diretamente para nossa equipe.<\/p>\n\n\n\n<p>\ud83d\udd39 <strong>Redes Sociais:<\/strong><\/p>\n\n\n\n<ul class=\"wp-block-list\">\n<li><a href=\"http:\/\/www.instagram.com\/universidadedohomem1\" target=\"_blank\" rel=\"noreferrer noopener\">Instagram<\/a><\/li>\n\n\n\n<li><a href=\"#\">YouTube<\/a><\/li>\n\n\n\n<li><a href=\"#\">Telegram<\/a> <em>(Grupo exclusivo para membros)<\/em><\/li>\n<\/ul>\n\n\n\n<h3 class=\"wp-block-heading\"><strong>\ud83d\udccc Formul\u00e1rio de Contato<\/strong><\/h3>\n\n\n<div class=\"wpforms-container wpforms-container-full wpforms-block wpforms-block-9cc1a0fa-0fec-4074-8f50-765139a9d6b1 wpforms-render-modern\" id=\"wpforms-12\"><form id=\"wpforms-form-12\" class=\"wpforms-validate wpforms-form wpforms-ajax-form\" data-formid=\"12\" method=\"post\" enctype=\"multipart\/form-data\" action=\"\/blog\/wp-json\/wp\/v2\/pages\/7\" data-token=\"54cd0a58e3d6e0b9cbc82086443f2001\" data-token-time=\"1775860347\"><noscript class=\"wpforms-error-noscript\">Ative o JavaScript no seu navegador para preencher este formul\u00e1rio.<\/noscript><div class=\"wpforms-hidden\" id=\"wpforms-error-noscript\">Ative o JavaScript no seu navegador para preencher este formul\u00e1rio.<\/div><div class=\"wpforms-field-container\"><div id=\"wpforms-12-field_1-container\" class=\"wpforms-field wpforms-field-name\" data-field-id=\"1\"><label class=\"wpforms-field-label\" for=\"wpforms-12-field_1\">Nome <span class=\"wpforms-required-label\" aria-hidden=\"true\">*<\/span><\/label><input type=\"text\" id=\"wpforms-12-field_1\" class=\"wpforms-field-medium wpforms-field-required\" name=\"wpforms[fields][1]\" aria-errormessage=\"wpforms-12-field_1-error\" aria-describedby=\"wpforms-12-field_1-description\" required><div id=\"wpforms-12-field_1-description\" class=\"wpforms-field-description\">Nome completo<\/div><\/div><div id=\"wpforms-12-field_2-container\" class=\"wpforms-field wpforms-field-email\" data-field-id=\"2\"><label class=\"wpforms-field-label\" for=\"wpforms-12-field_2\">Email <span class=\"wpforms-required-label\" aria-hidden=\"true\">*<\/span><\/label><input type=\"email\" id=\"wpforms-12-field_2\" class=\"wpforms-field-medium wpforms-field-required\" name=\"wpforms[fields][2]\" spellcheck=\"false\" aria-errormessage=\"wpforms-12-field_2-error\" aria-describedby=\"wpforms-12-field_2-description\" required><div id=\"wpforms-12-field_2-description\" class=\"wpforms-field-description\">Escolha seu melhor email<\/div><\/div><div id=\"wpforms-12-field_3-container\" class=\"wpforms-field wpforms-field-textarea\" data-field-id=\"3\"><label class=\"wpforms-field-label\" for=\"wpforms-12-field_3\">Mensagem<\/label><textarea id=\"wpforms-12-field_3\" class=\"wpforms-field-medium\" name=\"wpforms[fields][3]\" aria-errormessage=\"wpforms-12-field_3-error\" aria-describedby=\"wpforms-12-field_3-description\" ><\/textarea><div id=\"wpforms-12-field_3-description\" class=\"wpforms-field-description\">Digite aqui sua mensagem<\/div><\/div><\/div><!-- .wpforms-field-container --><div class=\"wpforms-submit-container\" ><input type=\"hidden\" name=\"wpforms[id]\" value=\"12\"><input type=\"hidden\" name=\"page_title\" value=\"\"><input type=\"hidden\" name=\"page_url\" value=\"https:\/\/universidadedohomem.com\/blog\/wp-json\/wp\/v2\/pages\/7\"><input type=\"hidden\" name=\"url_referer\" value=\"\"><button type=\"submit\" name=\"wpforms[submit]\" id=\"wpforms-submit-12\" class=\"wpforms-submit\" data-alt-text=\"Enviando mensagem\" data-submit-text=\"Enviar mensagem\" aria-live=\"assertive\" value=\"wpforms-submit\">Enviar mensagem<\/button><img loading=\"lazy\" decoding=\"async\" src=\"https:\/\/universidadedohomem.com\/blog\/wp-content\/plugins\/wpforms-lite\/assets\/images\/submit-spin.svg\" class=\"wpforms-submit-spinner\" style=\"display: none;\" width=\"26\" height=\"26\" alt=\"Carregando\"><\/div><\/form><\/div>  <!-- .wpforms-container -->\n\n\n<p>\u23f3 <strong>Responderemos sua mensagem em at\u00e9 48h.<\/strong><\/p>\n\n\n\n<h3 class=\"wp-block-heading\"><strong>\ud83d\udccd Nossa Localiza\u00e7\u00e3o<\/strong> <\/h3>\n\n\n\n<p>\ud83d\udccd <strong>Endere\u00e7o:<\/strong> Goi\u00e2nia, GO<\/p>\n\n\n\n<p><em>(Voc\u00ea pode adicionar um mapa do Google Maps, se necess\u00e1rio.)<\/em><\/p>\n\n\n\n<p>\ud83d\udccc <strong>D\u00favidas Frequentes?<\/strong><br>Antes de enviar sua mensagem, confira nossa <a href=\"#\">P\u00e1gina de Perguntas Frequentes (FAQ)<\/a> <em>(Caso tenha uma FAQ no site)<\/em>.<\/p>\n","protected":false},"excerpt":{"rendered":"<p>Entre em Contato Se voc\u00ea deseja falar conosco, esclarecer d\u00favidas ou propor uma parceria, preencha o formul\u00e1rio abaixo ou envie um e-mail diretamente para nossa equipe. \ud83d\udd39 Redes Sociais: \ud83d\udccc Formul\u00e1rio de Contato \u23f3 Responderemos sua mensagem em at\u00e9 48h. \ud83d\udccd Nossa Localiza\u00e7\u00e3o \ud83d\udccd Endere\u00e7o: Goi\u00e2nia, GO (Voc\u00ea pode adicionar um mapa do Google Maps,&#8230;<\/p>\n","protected":false},"author":1,"featured_media":0,"parent":0,"menu_order":0,"comment_status":"closed","ping_status":"closed","template":"","meta":{"_kad_post_transparent":"","_kad_post_title":"","_kad_post_layout":"","_kad_post_sidebar_id":"","_kad_post_content_style":"","_kad_post_vertical_padding":"","_kad_post_feature":"","_kad_post_feature_position":"","_kad_post_header":false,"_kad_post_footer":false,"footnotes":""},"class_list":["post-7","page","type-page","status-publish","hentry"],"_links":{"self":[{"href":"https:\/\/universidadedohomem.com\/blog\/wp-json\/wp\/v2\/pages\/7","targetHints":{"allow":["GET"]}}],"collection":[{"href":"https:\/\/universidadedohomem.com\/blog\/wp-json\/wp\/v2\/pages"}],"about":[{"href":"https:\/\/universidadedohomem.com\/blog\/wp-json\/wp\/v2\/types\/page"}],"author":[{"embeddable":true,"href":"https:\/\/universidadedohomem.com\/blog\/wp-json\/wp\/v2\/users\/1"}],"replies":[{"embeddable":true,"href":"https:\/\/universidadedohomem.com\/blog\/wp-json\/wp\/v2\/comments?post=7"}],"version-history":[{"count":2,"href":"https:\/\/universidadedohomem.com\/blog\/wp-json\/wp\/v2\/pages\/7\/revisions"}],"predecessor-version":[{"id":16,"href":"https:\/\/universidadedohomem.com\/blog\/wp-json\/wp\/v2\/pages\/7\/revisions\/16"}],"wp:attachment":[{"href":"https:\/\/universidadedohomem.com\/blog\/wp-json\/wp\/v2\/media?parent=7"}],"curies":[{"name":"wp","href":"https:\/\/api.w.org\/{rel}","templated":true}]}}